{"id":6833,"date":"2018-05-11T09:44:11","date_gmt":"2018-05-11T08:44:11","guid":{"rendered":"https:\/\/knitmeshtechnologies.com\/knitted-mesh-2\/"},"modified":"2021-03-15T16:05:37","modified_gmt":"2021-03-15T16:05:37","slug":"drahtgestrick","status":"publish","type":"page","link":"https:\/\/knitmeshtechnologies.com\/de\/drahtgestrick\/","title":{"rendered":"Drahtgestrick"},"content":{"rendered":"<p>Drahtgestrick ist ein vielf\u00e4ltiges Material mit nahezu unz\u00e4hligen Anwendungen in den meisten Industriebranchen. Es gibt 3 Haupttypen von Drahtgestricken: Ganzmetall-Gestrick, Kunststoff- und Fasergestrick und Mehrfilament-Gestrick. Unsere 80-j\u00e4hrige Geschichte bedeutet, dass unser Team aus Ingenieuren und Fertigungsspezialisten mit der Forschung, dem Design und der Entwicklung ma\u00dfgeschneiderter L\u00f6sungen f\u00fcr unsere marktf\u00fchrenden Kunden in den wettbewerbsintensivsten und anspruchsvollsten Branchen vertraut ist.<\/p>\n\n\n<p><\/p>\n","protected":false},"excerpt":{"rendered":"<p>Drahtgestrick ist ein vielf\u00e4ltiges Material mit nahezu unz\u00e4hligen Anwendungen in den meisten Industriebranchen. Es gibt 3 Haupttypen von Drahtgestricken: Ganzmetall-Gestrick, Kunststoff- und Fasergestrick und Mehrfilament-Gestrick. Unsere 80-j\u00e4hrige Geschichte bedeutet, dass unser Team aus Ingenieuren und Fertigungsspezialisten mit der Forschung, dem Design und der Entwicklung ma\u00dfgeschneiderter L\u00f6sungen f\u00fcr unsere marktf\u00fchrenden Kunden in den wettbewerbsintensivsten und anspruchsvollsten [&hellip;]<\/p>\n","protected":false},"author":3,"featured_media":9851,"parent":0,"menu_order":0,"comment_status":"closed","ping_status":"closed","template":"template-knitted-mesh.php","meta":{"_acf_changed":false,"footnotes":""},"class_list":["post-6833","page","type-page","status-publish","has-post-thumbnail","hentry"],"acf":[],"yoast_head":"<!-- This site is optimized with the Yoast SEO plugin v27.3 - https:\/\/yoast.com\/product\/yoast-seo-wordpress\/ -->\n<title>Drahtgestrick | KnitMesh Technologies | Knitted Wire Mesh<\/title>\n<meta name=\"description\" content=\"Knitted wire mesh is available in a range of types; from fine mesh up to super-coarse. These types are determined by wire diameter, needle type, cylinder head, and knitting machine.\" \/>\n<meta name=\"robots\" content=\"index, follow, max-snippet:-1, max-image-preview:large, max-video-preview:-1\" \/>\n<link rel=\"canonical\" href=\"https:\/\/knitmeshtechnologies.com\/de\/drahtgestrick\/\" \/>\n<meta property=\"og:locale\" content=\"de_DE\" \/>\n<meta property=\"og:type\" content=\"article\" \/>\n<meta property=\"og:title\" content=\"Drahtgestrick | KnitMesh Technologies | Knitted Wire Mesh\" \/>\n<meta property=\"og:description\" content=\"Knitted wire mesh is available in a range of types; from fine mesh up to super-coarse. These types are determined by wire diameter, needle type, cylinder head, and knitting machine.\" \/>\n<meta property=\"og:url\" content=\"https:\/\/knitmeshtechnologies.com\/de\/drahtgestrick\/\" \/>\n<meta property=\"og:site_name\" content=\"KnitMesh Technologies | Knitted Wire Mesh\" \/>\n<meta property=\"article:modified_time\" content=\"2021-03-15T16:05:37+00:00\" \/>\n<meta property=\"og:image\" content=\"https:\/\/knitmeshtechnologies.com\/wp-content\/uploads\/2021\/10\/Compressed-Mesh-8-min-1.jpg\" \/>\n\t<meta property=\"og:image:width\" content=\"5760\" \/>\n\t<meta property=\"og:image:height\" content=\"3840\" \/>\n\t<meta property=\"og:image:type\" content=\"image\/jpeg\" \/>\n<meta name=\"twitter:card\" content=\"summary_large_image\" \/>\n<script type=\"application\/ld+json\" class=\"yoast-schema-graph\">{\"@context\":\"https:\\\/\\\/schema.org\",\"@graph\":[{\"@type\":\"WebPage\",\"@id\":\"https:\\\/\\\/knitmeshtechnologies.com\\\/de\\\/drahtgestrick\\\/\",\"url\":\"https:\\\/\\\/knitmeshtechnologies.com\\\/de\\\/drahtgestrick\\\/\",\"name\":\"Drahtgestrick | KnitMesh Technologies | Knitted Wire Mesh\",\"isPartOf\":{\"@id\":\"https:\\\/\\\/knitmeshtechnologies.com\\\/#website\"},\"primaryImageOfPage\":{\"@id\":\"https:\\\/\\\/knitmeshtechnologies.com\\\/de\\\/drahtgestrick\\\/#primaryimage\"},\"image\":{\"@id\":\"https:\\\/\\\/knitmeshtechnologies.com\\\/de\\\/drahtgestrick\\\/#primaryimage\"},\"thumbnailUrl\":\"https:\\\/\\\/knitmeshtechnologies.com\\\/wp-content\\\/uploads\\\/2021\\\/10\\\/Compressed-Mesh-8-min-1.jpg\",\"datePublished\":\"2018-05-11T08:44:11+00:00\",\"dateModified\":\"2021-03-15T16:05:37+00:00\",\"description\":\"Knitted wire mesh is available in a range of types; from fine mesh up to super-coarse. These types are determined by wire diameter, needle type, cylinder head, and knitting machine.\",\"breadcrumb\":{\"@id\":\"https:\\\/\\\/knitmeshtechnologies.com\\\/de\\\/drahtgestrick\\\/#breadcrumb\"},\"inLanguage\":\"de\",\"potentialAction\":[{\"@type\":\"ReadAction\",\"target\":[\"https:\\\/\\\/knitmeshtechnologies.com\\\/de\\\/drahtgestrick\\\/\"]}]},{\"@type\":\"ImageObject\",\"inLanguage\":\"de\",\"@id\":\"https:\\\/\\\/knitmeshtechnologies.com\\\/de\\\/drahtgestrick\\\/#primaryimage\",\"url\":\"https:\\\/\\\/knitmeshtechnologies.com\\\/wp-content\\\/uploads\\\/2021\\\/10\\\/Compressed-Mesh-8-min-1.jpg\",\"contentUrl\":\"https:\\\/\\\/knitmeshtechnologies.com\\\/wp-content\\\/uploads\\\/2021\\\/10\\\/Compressed-Mesh-8-min-1.jpg\",\"width\":5760,\"height\":3840},{\"@type\":\"BreadcrumbList\",\"@id\":\"https:\\\/\\\/knitmeshtechnologies.com\\\/de\\\/drahtgestrick\\\/#breadcrumb\",\"itemListElement\":[{\"@type\":\"ListItem\",\"position\":1,\"name\":\"Home\",\"item\":\"https:\\\/\\\/knitmeshtechnologies.com\\\/de\\\/home-page\\\/\"},{\"@type\":\"ListItem\",\"position\":2,\"name\":\"Drahtgestrick\"}]},{\"@type\":\"WebSite\",\"@id\":\"https:\\\/\\\/knitmeshtechnologies.com\\\/#website\",\"url\":\"https:\\\/\\\/knitmeshtechnologies.com\\\/\",\"name\":\"KnitMesh Technologies\",\"description\":\"Protecting People, Property and our Planet\",\"publisher\":{\"@id\":\"https:\\\/\\\/knitmeshtechnologies.com\\\/#organization\"},\"potentialAction\":[{\"@type\":\"SearchAction\",\"target\":{\"@type\":\"EntryPoint\",\"urlTemplate\":\"https:\\\/\\\/knitmeshtechnologies.com\\\/?s={search_term_string}\"},\"query-input\":{\"@type\":\"PropertyValueSpecification\",\"valueRequired\":true,\"valueName\":\"search_term_string\"}}],\"inLanguage\":\"de\"},{\"@type\":\"Organization\",\"@id\":\"https:\\\/\\\/knitmeshtechnologies.com\\\/#organization\",\"name\":\"KnitMesh Technologies\",\"url\":\"https:\\\/\\\/knitmeshtechnologies.com\\\/\",\"logo\":{\"@type\":\"ImageObject\",\"inLanguage\":\"de\",\"@id\":\"https:\\\/\\\/knitmeshtechnologies.com\\\/#\\\/schema\\\/logo\\\/image\\\/\",\"url\":\"https:\\\/\\\/knitmeshtechnologies.com\\\/wp-content\\\/uploads\\\/2024\\\/03\\\/Logo.jpg\",\"contentUrl\":\"https:\\\/\\\/knitmeshtechnologies.com\\\/wp-content\\\/uploads\\\/2024\\\/03\\\/Logo.jpg\",\"width\":5701,\"height\":1883,\"caption\":\"KnitMesh Technologies\"},\"image\":{\"@id\":\"https:\\\/\\\/knitmeshtechnologies.com\\\/#\\\/schema\\\/logo\\\/image\\\/\"},\"sameAs\":[\"https:\\\/\\\/www.linkedin.com\\\/company\\\/knitmesh-technologies\"]}]}<\/script>\n<!-- \/ Yoast SEO plugin. -->","yoast_head_json":{"title":"Drahtgestrick | KnitMesh Technologies | Knitted Wire Mesh","description":"Knitted wire mesh is available in a range of types; from fine mesh up to super-coarse. These types are determined by wire diameter, needle type, cylinder head, and knitting machine.","robots":{"index":"index","follow":"follow","max-snippet":"max-snippet:-1","max-image-preview":"max-image-preview:large","max-video-preview":"max-video-preview:-1"},"canonical":"https:\/\/knitmeshtechnologies.com\/de\/drahtgestrick\/","og_locale":"de_DE","og_type":"article","og_title":"Drahtgestrick | KnitMesh Technologies | Knitted Wire Mesh","og_description":"Knitted wire mesh is available in a range of types; from fine mesh up to super-coarse. These types are determined by wire diameter, needle type, cylinder head, and knitting machine.","og_url":"https:\/\/knitmeshtechnologies.com\/de\/drahtgestrick\/","og_site_name":"KnitMesh Technologies | Knitted Wire Mesh","article_modified_time":"2021-03-15T16:05:37+00:00","og_image":[{"width":5760,"height":3840,"url":"https:\/\/knitmeshtechnologies.com\/wp-content\/uploads\/2021\/10\/Compressed-Mesh-8-min-1.jpg","type":"image\/jpeg"}],"twitter_card":"summary_large_image","schema":{"@context":"https:\/\/schema.org","@graph":[{"@type":"WebPage","@id":"https:\/\/knitmeshtechnologies.com\/de\/drahtgestrick\/","url":"https:\/\/knitmeshtechnologies.com\/de\/drahtgestrick\/","name":"Drahtgestrick | KnitMesh Technologies | Knitted Wire Mesh","isPartOf":{"@id":"https:\/\/knitmeshtechnologies.com\/#website"},"primaryImageOfPage":{"@id":"https:\/\/knitmeshtechnologies.com\/de\/drahtgestrick\/#primaryimage"},"image":{"@id":"https:\/\/knitmeshtechnologies.com\/de\/drahtgestrick\/#primaryimage"},"thumbnailUrl":"https:\/\/knitmeshtechnologies.com\/wp-content\/uploads\/2021\/10\/Compressed-Mesh-8-min-1.jpg","datePublished":"2018-05-11T08:44:11+00:00","dateModified":"2021-03-15T16:05:37+00:00","description":"Knitted wire mesh is available in a range of types; from fine mesh up to super-coarse. These types are determined by wire diameter, needle type, cylinder head, and knitting machine.","breadcrumb":{"@id":"https:\/\/knitmeshtechnologies.com\/de\/drahtgestrick\/#breadcrumb"},"inLanguage":"de","potentialAction":[{"@type":"ReadAction","target":["https:\/\/knitmeshtechnologies.com\/de\/drahtgestrick\/"]}]},{"@type":"ImageObject","inLanguage":"de","@id":"https:\/\/knitmeshtechnologies.com\/de\/drahtgestrick\/#primaryimage","url":"https:\/\/knitmeshtechnologies.com\/wp-content\/uploads\/2021\/10\/Compressed-Mesh-8-min-1.jpg","contentUrl":"https:\/\/knitmeshtechnologies.com\/wp-content\/uploads\/2021\/10\/Compressed-Mesh-8-min-1.jpg","width":5760,"height":3840},{"@type":"BreadcrumbList","@id":"https:\/\/knitmeshtechnologies.com\/de\/drahtgestrick\/#breadcrumb","itemListElement":[{"@type":"ListItem","position":1,"name":"Home","item":"https:\/\/knitmeshtechnologies.com\/de\/home-page\/"},{"@type":"ListItem","position":2,"name":"Drahtgestrick"}]},{"@type":"WebSite","@id":"https:\/\/knitmeshtechnologies.com\/#website","url":"https:\/\/knitmeshtechnologies.com\/","name":"KnitMesh Technologies","description":"Protecting People, Property and our Planet","publisher":{"@id":"https:\/\/knitmeshtechnologies.com\/#organization"},"potentialAction":[{"@type":"SearchAction","target":{"@type":"EntryPoint","urlTemplate":"https:\/\/knitmeshtechnologies.com\/?s={search_term_string}"},"query-input":{"@type":"PropertyValueSpecification","valueRequired":true,"valueName":"search_term_string"}}],"inLanguage":"de"},{"@type":"Organization","@id":"https:\/\/knitmeshtechnologies.com\/#organization","name":"KnitMesh Technologies","url":"https:\/\/knitmeshtechnologies.com\/","logo":{"@type":"ImageObject","inLanguage":"de","@id":"https:\/\/knitmeshtechnologies.com\/#\/schema\/logo\/image\/","url":"https:\/\/knitmeshtechnologies.com\/wp-content\/uploads\/2024\/03\/Logo.jpg","contentUrl":"https:\/\/knitmeshtechnologies.com\/wp-content\/uploads\/2024\/03\/Logo.jpg","width":5701,"height":1883,"caption":"KnitMesh Technologies"},"image":{"@id":"https:\/\/knitmeshtechnologies.com\/#\/schema\/logo\/image\/"},"sameAs":["https:\/\/www.linkedin.com\/company\/knitmesh-technologies"]}]}},"_links":{"self":[{"href":"https:\/\/knitmeshtechnologies.com\/de\/wp-json\/wp\/v2\/pages\/6833","targetHints":{"allow":["GET"]}}],"collection":[{"href":"https:\/\/knitmeshtechnologies.com\/de\/wp-json\/wp\/v2\/pages"}],"about":[{"href":"https:\/\/knitmeshtechnologies.com\/de\/wp-json\/wp\/v2\/types\/page"}],"author":[{"embeddable":true,"href":"https:\/\/knitmeshtechnologies.com\/de\/wp-json\/wp\/v2\/users\/3"}],"replies":[{"embeddable":true,"href":"https:\/\/knitmeshtechnologies.com\/de\/wp-json\/wp\/v2\/comments?post=6833"}],"version-history":[{"count":3,"href":"https:\/\/knitmeshtechnologies.com\/de\/wp-json\/wp\/v2\/pages\/6833\/revisions"}],"predecessor-version":[{"id":7416,"href":"https:\/\/knitmeshtechnologies.com\/de\/wp-json\/wp\/v2\/pages\/6833\/revisions\/7416"}],"wp:featuredmedia":[{"embeddable":true,"href":"https:\/\/knitmeshtechnologies.com\/de\/wp-json\/wp\/v2\/media\/9851"}],"wp:attachment":[{"href":"https:\/\/knitmeshtechnologies.com\/de\/wp-json\/wp\/v2\/media?parent=6833"}],"curies":[{"name":"wp","href":"https:\/\/api.w.org\/{rel}","templated":true}]}}