{"id":4853,"date":"2017-09-18T15:05:42","date_gmt":"2017-09-18T14:05:42","guid":{"rendered":"https:\/\/knitmeshtechnologies.com\/research-and-development\/"},"modified":"2021-03-11T10:05:56","modified_gmt":"2021-03-11T10:05:56","slug":"research-and-development","status":"publish","type":"page","link":"https:\/\/knitmeshtechnologies.com\/de\/research-and-development\/","title":{"rendered":"Forschung &#038; Entwicklung"},"content":{"rendered":"<p id=\"tw-target-text\" class=\"tw-data-text tw-text-large XcVN5d tw-ta\" dir=\"ltr\" data-placeholder=\"Translation\"><span lang=\"de\">Bei KnitMesh Technologies sind wir bestrebt, die Qualit\u00e4t und Funktionalit\u00e4t unserer Produkte und Dienstleistungen kontinuierlich zu verbessern. Diese kontinuierlichen Investitionen in Forschung und Entwicklung und die Verbesserung unserer Herstellungsprozesse stellen sicher, dass unsere Kunden sowohl von erstklassigen Produkten als auch von einem nachweisbaren Preis-Leistungs-Verh\u00e4ltnis profitieren. <\/span><\/p>\n<p class=\"tw-data-text tw-text-large XcVN5d tw-ta\" dir=\"ltr\" data-placeholder=\"Translation\"><span lang=\"de\">Unser Team f\u00fcr die Entwicklung neuer Produkte ist ein Experte in enger Zusammenarbeit mit Kunden, um ma\u00dfgeschneiderte Stricknetzl\u00f6sungen f\u00fcr eine Vielzahl von Branchen zu entwickeln. Erg\u00e4nzt werden diese Bem\u00fchungen durch ein erfahrenes Engineering-Team, das die am besten geeigneten Herstellungsverfahren entwickelt, um sicherzustellen, dass wir die von unseren Kunden geforderten strengen Qualit\u00e4ts-, Service- und Kostenstandards erf\u00fcllen k\u00f6nnen.<\/span><\/p>\n","protected":false},"excerpt":{"rendered":"<p>Bei KnitMesh Technologies sind wir bestrebt, die Qualit\u00e4t und Funktionalit\u00e4t unserer Produkte und Dienstleistungen kontinuierlich zu verbessern. Diese kontinuierlichen Investitionen in Forschung und Entwicklung und die Verbesserung unserer Herstellungsprozesse stellen sicher, dass unsere Kunden sowohl von erstklassigen Produkten als auch von einem nachweisbaren Preis-Leistungs-Verh\u00e4ltnis profitieren. Unser Team f\u00fcr die Entwicklung neuer Produkte ist ein Experte [&hellip;]<\/p>\n","protected":false},"author":3,"featured_media":9452,"parent":0,"menu_order":0,"comment_status":"closed","ping_status":"closed","template":"template-split-header.php","meta":{"_acf_changed":false,"footnotes":""},"class_list":["post-4853","page","type-page","status-publish","has-post-thumbnail","hentry"],"acf":[],"yoast_head":"<!-- This site is optimized with the Yoast SEO plugin v27.3 - https:\/\/yoast.com\/product\/yoast-seo-wordpress\/ -->\n<title>Forschung &amp; Entwicklung | KnitMesh Technologies | Knitted Wire Mesh<\/title>\n<meta name=\"description\" content=\"KnitMesh Technologies ist an einer Reihe von Forschungsprojekten im Zusammenhang mit gestrickten Drahtgeflechten beteiligt.\" \/>\n<meta name=\"robots\" content=\"index, follow, max-snippet:-1, max-image-preview:large, max-video-preview:-1\" \/>\n<link rel=\"canonical\" href=\"https:\/\/knitmeshtechnologies.com\/de\/research-and-development\/\" \/>\n<meta property=\"og:locale\" content=\"de_DE\" \/>\n<meta property=\"og:type\" content=\"article\" \/>\n<meta property=\"og:title\" content=\"Forschung &amp; Entwicklung | KnitMesh Technologies | Knitted Wire Mesh\" \/>\n<meta property=\"og:description\" content=\"KnitMesh Technologies ist an einer Reihe von Forschungsprojekten im Zusammenhang mit gestrickten Drahtgeflechten beteiligt.\" \/>\n<meta property=\"og:url\" content=\"https:\/\/knitmeshtechnologies.com\/de\/research-and-development\/\" \/>\n<meta property=\"og:site_name\" content=\"KnitMesh Technologies | Knitted Wire Mesh\" \/>\n<meta property=\"article:modified_time\" content=\"2021-03-11T10:05:56+00:00\" \/>\n<meta property=\"og:image\" content=\"https:\/\/knitmeshtechnologies.com\/wp-content\/uploads\/2021\/10\/ElmacKnitmesh-105-min.jpg\" \/>\n\t<meta property=\"og:image:width\" content=\"5472\" \/>\n\t<meta property=\"og:image:height\" content=\"3648\" \/>\n\t<meta property=\"og:image:type\" content=\"image\/jpeg\" \/>\n<meta name=\"twitter:card\" content=\"summary_large_image\" \/>\n<meta name=\"twitter:label1\" content=\"Gesch\u00e4tzte Lesezeit\" \/>\n\t<meta name=\"twitter:data1\" content=\"1\u00a0Minute\" \/>\n<script type=\"application\/ld+json\" class=\"yoast-schema-graph\">{\"@context\":\"https:\\\/\\\/schema.org\",\"@graph\":[{\"@type\":\"WebPage\",\"@id\":\"https:\\\/\\\/knitmeshtechnologies.com\\\/de\\\/research-and-development\\\/\",\"url\":\"https:\\\/\\\/knitmeshtechnologies.com\\\/de\\\/research-and-development\\\/\",\"name\":\"Forschung & Entwicklung | KnitMesh Technologies | Knitted Wire Mesh\",\"isPartOf\":{\"@id\":\"https:\\\/\\\/knitmeshtechnologies.com\\\/#website\"},\"primaryImageOfPage\":{\"@id\":\"https:\\\/\\\/knitmeshtechnologies.com\\\/de\\\/research-and-development\\\/#primaryimage\"},\"image\":{\"@id\":\"https:\\\/\\\/knitmeshtechnologies.com\\\/de\\\/research-and-development\\\/#primaryimage\"},\"thumbnailUrl\":\"https:\\\/\\\/knitmeshtechnologies.com\\\/wp-content\\\/uploads\\\/2021\\\/10\\\/ElmacKnitmesh-105-min.jpg\",\"datePublished\":\"2017-09-18T14:05:42+00:00\",\"dateModified\":\"2021-03-11T10:05:56+00:00\",\"description\":\"KnitMesh Technologies ist an einer Reihe von Forschungsprojekten im Zusammenhang mit gestrickten Drahtgeflechten beteiligt.\",\"breadcrumb\":{\"@id\":\"https:\\\/\\\/knitmeshtechnologies.com\\\/de\\\/research-and-development\\\/#breadcrumb\"},\"inLanguage\":\"de\",\"potentialAction\":[{\"@type\":\"ReadAction\",\"target\":[\"https:\\\/\\\/knitmeshtechnologies.com\\\/de\\\/research-and-development\\\/\"]}]},{\"@type\":\"ImageObject\",\"inLanguage\":\"de\",\"@id\":\"https:\\\/\\\/knitmeshtechnologies.com\\\/de\\\/research-and-development\\\/#primaryimage\",\"url\":\"https:\\\/\\\/knitmeshtechnologies.com\\\/wp-content\\\/uploads\\\/2021\\\/10\\\/ElmacKnitmesh-105-min.jpg\",\"contentUrl\":\"https:\\\/\\\/knitmeshtechnologies.com\\\/wp-content\\\/uploads\\\/2021\\\/10\\\/ElmacKnitmesh-105-min.jpg\",\"width\":5472,\"height\":3648},{\"@type\":\"BreadcrumbList\",\"@id\":\"https:\\\/\\\/knitmeshtechnologies.com\\\/de\\\/research-and-development\\\/#breadcrumb\",\"itemListElement\":[{\"@type\":\"ListItem\",\"position\":1,\"name\":\"Home\",\"item\":\"https:\\\/\\\/knitmeshtechnologies.com\\\/de\\\/home-page\\\/\"},{\"@type\":\"ListItem\",\"position\":2,\"name\":\"Forschung &#038; Entwicklung\"}]},{\"@type\":\"WebSite\",\"@id\":\"https:\\\/\\\/knitmeshtechnologies.com\\\/#website\",\"url\":\"https:\\\/\\\/knitmeshtechnologies.com\\\/\",\"name\":\"KnitMesh Technologies\",\"description\":\"Protecting People, Property and our Planet\",\"publisher\":{\"@id\":\"https:\\\/\\\/knitmeshtechnologies.com\\\/#organization\"},\"potentialAction\":[{\"@type\":\"SearchAction\",\"target\":{\"@type\":\"EntryPoint\",\"urlTemplate\":\"https:\\\/\\\/knitmeshtechnologies.com\\\/?s={search_term_string}\"},\"query-input\":{\"@type\":\"PropertyValueSpecification\",\"valueRequired\":true,\"valueName\":\"search_term_string\"}}],\"inLanguage\":\"de\"},{\"@type\":\"Organization\",\"@id\":\"https:\\\/\\\/knitmeshtechnologies.com\\\/#organization\",\"name\":\"KnitMesh Technologies\",\"url\":\"https:\\\/\\\/knitmeshtechnologies.com\\\/\",\"logo\":{\"@type\":\"ImageObject\",\"inLanguage\":\"de\",\"@id\":\"https:\\\/\\\/knitmeshtechnologies.com\\\/#\\\/schema\\\/logo\\\/image\\\/\",\"url\":\"https:\\\/\\\/knitmeshtechnologies.com\\\/wp-content\\\/uploads\\\/2024\\\/03\\\/Logo.jpg\",\"contentUrl\":\"https:\\\/\\\/knitmeshtechnologies.com\\\/wp-content\\\/uploads\\\/2024\\\/03\\\/Logo.jpg\",\"width\":5701,\"height\":1883,\"caption\":\"KnitMesh Technologies\"},\"image\":{\"@id\":\"https:\\\/\\\/knitmeshtechnologies.com\\\/#\\\/schema\\\/logo\\\/image\\\/\"},\"sameAs\":[\"https:\\\/\\\/www.linkedin.com\\\/company\\\/knitmesh-technologies\"]}]}<\/script>\n<!-- \/ Yoast SEO plugin. -->","yoast_head_json":{"title":"Forschung & Entwicklung | KnitMesh Technologies | Knitted Wire Mesh","description":"KnitMesh Technologies ist an einer Reihe von Forschungsprojekten im Zusammenhang mit gestrickten Drahtgeflechten beteiligt.","robots":{"index":"index","follow":"follow","max-snippet":"max-snippet:-1","max-image-preview":"max-image-preview:large","max-video-preview":"max-video-preview:-1"},"canonical":"https:\/\/knitmeshtechnologies.com\/de\/research-and-development\/","og_locale":"de_DE","og_type":"article","og_title":"Forschung & Entwicklung | KnitMesh Technologies | Knitted Wire Mesh","og_description":"KnitMesh Technologies ist an einer Reihe von Forschungsprojekten im Zusammenhang mit gestrickten Drahtgeflechten beteiligt.","og_url":"https:\/\/knitmeshtechnologies.com\/de\/research-and-development\/","og_site_name":"KnitMesh Technologies | Knitted Wire Mesh","article_modified_time":"2021-03-11T10:05:56+00:00","og_image":[{"width":5472,"height":3648,"url":"https:\/\/knitmeshtechnologies.com\/wp-content\/uploads\/2021\/10\/ElmacKnitmesh-105-min.jpg","type":"image\/jpeg"}],"twitter_card":"summary_large_image","twitter_misc":{"Gesch\u00e4tzte Lesezeit":"1\u00a0Minute"},"schema":{"@context":"https:\/\/schema.org","@graph":[{"@type":"WebPage","@id":"https:\/\/knitmeshtechnologies.com\/de\/research-and-development\/","url":"https:\/\/knitmeshtechnologies.com\/de\/research-and-development\/","name":"Forschung & Entwicklung | KnitMesh Technologies | Knitted Wire Mesh","isPartOf":{"@id":"https:\/\/knitmeshtechnologies.com\/#website"},"primaryImageOfPage":{"@id":"https:\/\/knitmeshtechnologies.com\/de\/research-and-development\/#primaryimage"},"image":{"@id":"https:\/\/knitmeshtechnologies.com\/de\/research-and-development\/#primaryimage"},"thumbnailUrl":"https:\/\/knitmeshtechnologies.com\/wp-content\/uploads\/2021\/10\/ElmacKnitmesh-105-min.jpg","datePublished":"2017-09-18T14:05:42+00:00","dateModified":"2021-03-11T10:05:56+00:00","description":"KnitMesh Technologies ist an einer Reihe von Forschungsprojekten im Zusammenhang mit gestrickten Drahtgeflechten beteiligt.","breadcrumb":{"@id":"https:\/\/knitmeshtechnologies.com\/de\/research-and-development\/#breadcrumb"},"inLanguage":"de","potentialAction":[{"@type":"ReadAction","target":["https:\/\/knitmeshtechnologies.com\/de\/research-and-development\/"]}]},{"@type":"ImageObject","inLanguage":"de","@id":"https:\/\/knitmeshtechnologies.com\/de\/research-and-development\/#primaryimage","url":"https:\/\/knitmeshtechnologies.com\/wp-content\/uploads\/2021\/10\/ElmacKnitmesh-105-min.jpg","contentUrl":"https:\/\/knitmeshtechnologies.com\/wp-content\/uploads\/2021\/10\/ElmacKnitmesh-105-min.jpg","width":5472,"height":3648},{"@type":"BreadcrumbList","@id":"https:\/\/knitmeshtechnologies.com\/de\/research-and-development\/#breadcrumb","itemListElement":[{"@type":"ListItem","position":1,"name":"Home","item":"https:\/\/knitmeshtechnologies.com\/de\/home-page\/"},{"@type":"ListItem","position":2,"name":"Forschung &#038; Entwicklung"}]},{"@type":"WebSite","@id":"https:\/\/knitmeshtechnologies.com\/#website","url":"https:\/\/knitmeshtechnologies.com\/","name":"KnitMesh Technologies","description":"Protecting People, Property and our Planet","publisher":{"@id":"https:\/\/knitmeshtechnologies.com\/#organization"},"potentialAction":[{"@type":"SearchAction","target":{"@type":"EntryPoint","urlTemplate":"https:\/\/knitmeshtechnologies.com\/?s={search_term_string}"},"query-input":{"@type":"PropertyValueSpecification","valueRequired":true,"valueName":"search_term_string"}}],"inLanguage":"de"},{"@type":"Organization","@id":"https:\/\/knitmeshtechnologies.com\/#organization","name":"KnitMesh Technologies","url":"https:\/\/knitmeshtechnologies.com\/","logo":{"@type":"ImageObject","inLanguage":"de","@id":"https:\/\/knitmeshtechnologies.com\/#\/schema\/logo\/image\/","url":"https:\/\/knitmeshtechnologies.com\/wp-content\/uploads\/2024\/03\/Logo.jpg","contentUrl":"https:\/\/knitmeshtechnologies.com\/wp-content\/uploads\/2024\/03\/Logo.jpg","width":5701,"height":1883,"caption":"KnitMesh Technologies"},"image":{"@id":"https:\/\/knitmeshtechnologies.com\/#\/schema\/logo\/image\/"},"sameAs":["https:\/\/www.linkedin.com\/company\/knitmesh-technologies"]}]}},"_links":{"self":[{"href":"https:\/\/knitmeshtechnologies.com\/de\/wp-json\/wp\/v2\/pages\/4853","targetHints":{"allow":["GET"]}}],"collection":[{"href":"https:\/\/knitmeshtechnologies.com\/de\/wp-json\/wp\/v2\/pages"}],"about":[{"href":"https:\/\/knitmeshtechnologies.com\/de\/wp-json\/wp\/v2\/types\/page"}],"author":[{"embeddable":true,"href":"https:\/\/knitmeshtechnologies.com\/de\/wp-json\/wp\/v2\/users\/3"}],"replies":[{"embeddable":true,"href":"https:\/\/knitmeshtechnologies.com\/de\/wp-json\/wp\/v2\/comments?post=4853"}],"version-history":[{"count":9,"href":"https:\/\/knitmeshtechnologies.com\/de\/wp-json\/wp\/v2\/pages\/4853\/revisions"}],"predecessor-version":[{"id":7130,"href":"https:\/\/knitmeshtechnologies.com\/de\/wp-json\/wp\/v2\/pages\/4853\/revisions\/7130"}],"wp:featuredmedia":[{"embeddable":true,"href":"https:\/\/knitmeshtechnologies.com\/de\/wp-json\/wp\/v2\/media\/9452"}],"wp:attachment":[{"href":"https:\/\/knitmeshtechnologies.com\/de\/wp-json\/wp\/v2\/media?parent=4853"}],"curies":[{"name":"wp","href":"https:\/\/api.w.org\/{rel}","templated":true}]}}