{"id":4852,"date":"2017-09-18T15:05:49","date_gmt":"2017-09-18T14:05:49","guid":{"rendered":"https:\/\/knitmeshtechnologies.com\/about-us\/"},"modified":"2021-03-11T11:10:22","modified_gmt":"2021-03-11T11:10:22","slug":"unternehmen","status":"publish","type":"page","link":"https:\/\/knitmeshtechnologies.com\/de\/unternehmen\/","title":{"rendered":"Unternehmen"},"content":{"rendered":"<p>Willkommen bei KnitMesh Technologies, dem anerkannten technischen Marktf\u00fchrer in Design, Entwicklung und Herstellung innovativer Drahtgestrickl\u00f6sungen f\u00fcr zahlreiche industrielle Anwendungen und Umgebungsbedingungen.<\/p>\n<p>KnitMesh wurde 1957 gegr\u00fcndet und hat 2007 seine kommerziellen Aktivit\u00e4ten umstrukturiert, um es vom Gesch\u00e4ft mit Drahtgestrick und Flammensperren zu trennen. So wurden die Unternehmen KnitMesh Technologies und Elmac Technologies gegr\u00fcndet.<\/p>\n<p>KnitMesh Technologies bietet hochmoderne Strickverfahren mit Forschungs- und Entwicklungskapazit\u00e4ten und stellt verschiedene L\u00f6sungen f\u00fcr Drahtgestricke, auch f\u00fcr die schwierigsten technischen Probleme bereit. Dazu geh\u00f6ren allgemeine Gestrickprodukte, Vibrationskontrolle, Schalld\u00e4mpfung, Reinigungsger\u00e4te f\u00fcr Industrie und Gastronomie, Abdichtung f\u00fcr harsche Umgebungen, Filterung von Fl\u00fcssigkeiten und Gasen sowie EMI\/RFI-Abschirmung.<\/p>\n","protected":false},"excerpt":{"rendered":"<p>Willkommen bei KnitMesh Technologies, dem anerkannten technischen Marktf\u00fchrer in Design, Entwicklung und Herstellung innovativer Drahtgestrickl\u00f6sungen f\u00fcr zahlreiche industrielle Anwendungen und Umgebungsbedingungen. KnitMesh wurde 1957 gegr\u00fcndet und hat 2007 seine kommerziellen Aktivit\u00e4ten umstrukturiert, um es vom Gesch\u00e4ft mit Drahtgestrick und Flammensperren zu trennen. So wurden die Unternehmen KnitMesh Technologies und Elmac Technologies gegr\u00fcndet. KnitMesh Technologies bietet [&hellip;]<\/p>\n","protected":false},"author":3,"featured_media":9633,"parent":0,"menu_order":0,"comment_status":"closed","ping_status":"closed","template":"template-about.php","meta":{"_acf_changed":false,"footnotes":""},"class_list":["post-4852","page","type-page","status-publish","has-post-thumbnail","hentry"],"acf":[],"yoast_head":"<!-- This site is optimized with the Yoast SEO plugin v27.4 - https:\/\/yoast.com\/product\/yoast-seo-wordpress\/ -->\n<title>Unternehmen | KnitMesh Technologies | Knitted Wire Mesh<\/title>\n<meta name=\"description\" content=\"Find out more about KnitMesh Technologies, the international technical leaders in knitted wire and knitted wire mesh solutions.\" \/>\n<meta name=\"robots\" content=\"index, follow, max-snippet:-1, max-image-preview:large, max-video-preview:-1\" \/>\n<link rel=\"canonical\" href=\"https:\/\/knitmeshtechnologies.com\/de\/unternehmen\/\" \/>\n<meta property=\"og:locale\" content=\"de_DE\" \/>\n<meta property=\"og:type\" content=\"article\" \/>\n<meta property=\"og:title\" content=\"Unternehmen | KnitMesh Technologies | Knitted Wire Mesh\" \/>\n<meta property=\"og:description\" content=\"Find out more about KnitMesh Technologies, the international technical leaders in knitted wire and knitted wire mesh solutions.\" \/>\n<meta property=\"og:url\" content=\"https:\/\/knitmeshtechnologies.com\/de\/unternehmen\/\" \/>\n<meta property=\"og:site_name\" content=\"KnitMesh Technologies | Knitted Wire Mesh\" \/>\n<meta property=\"article:modified_time\" content=\"2021-03-11T11:10:22+00:00\" \/>\n<meta property=\"og:image\" content=\"https:\/\/knitmeshtechnologies.com\/wp-content\/uploads\/2021\/10\/ElmacKnitmesh-16-min.jpg\" \/>\n\t<meta property=\"og:image:width\" content=\"5176\" \/>\n\t<meta property=\"og:image:height\" content=\"3451\" \/>\n\t<meta property=\"og:image:type\" content=\"image\/jpeg\" \/>\n<meta name=\"twitter:card\" content=\"summary_large_image\" \/>\n<meta name=\"twitter:label1\" content=\"Gesch\u00e4tzte Lesezeit\" \/>\n\t<meta name=\"twitter:data1\" content=\"1\u00a0Minute\" \/>\n<script type=\"application\/ld+json\" class=\"yoast-schema-graph\">{\"@context\":\"https:\\\/\\\/schema.org\",\"@graph\":[{\"@type\":\"WebPage\",\"@id\":\"https:\\\/\\\/knitmeshtechnologies.com\\\/de\\\/unternehmen\\\/\",\"url\":\"https:\\\/\\\/knitmeshtechnologies.com\\\/de\\\/unternehmen\\\/\",\"name\":\"Unternehmen | KnitMesh Technologies | Knitted Wire Mesh\",\"isPartOf\":{\"@id\":\"https:\\\/\\\/knitmeshtechnologies.com\\\/#website\"},\"primaryImageOfPage\":{\"@id\":\"https:\\\/\\\/knitmeshtechnologies.com\\\/de\\\/unternehmen\\\/#primaryimage\"},\"image\":{\"@id\":\"https:\\\/\\\/knitmeshtechnologies.com\\\/de\\\/unternehmen\\\/#primaryimage\"},\"thumbnailUrl\":\"https:\\\/\\\/knitmeshtechnologies.com\\\/wp-content\\\/uploads\\\/2021\\\/10\\\/ElmacKnitmesh-16-min.jpg\",\"datePublished\":\"2017-09-18T14:05:49+00:00\",\"dateModified\":\"2021-03-11T11:10:22+00:00\",\"description\":\"Find out more about KnitMesh Technologies, the international technical leaders in knitted wire and knitted wire mesh solutions.\",\"breadcrumb\":{\"@id\":\"https:\\\/\\\/knitmeshtechnologies.com\\\/de\\\/unternehmen\\\/#breadcrumb\"},\"inLanguage\":\"de\",\"potentialAction\":[{\"@type\":\"ReadAction\",\"target\":[\"https:\\\/\\\/knitmeshtechnologies.com\\\/de\\\/unternehmen\\\/\"]}]},{\"@type\":\"ImageObject\",\"inLanguage\":\"de\",\"@id\":\"https:\\\/\\\/knitmeshtechnologies.com\\\/de\\\/unternehmen\\\/#primaryimage\",\"url\":\"https:\\\/\\\/knitmeshtechnologies.com\\\/wp-content\\\/uploads\\\/2021\\\/10\\\/ElmacKnitmesh-16-min.jpg\",\"contentUrl\":\"https:\\\/\\\/knitmeshtechnologies.com\\\/wp-content\\\/uploads\\\/2021\\\/10\\\/ElmacKnitmesh-16-min.jpg\",\"width\":5176,\"height\":3451},{\"@type\":\"BreadcrumbList\",\"@id\":\"https:\\\/\\\/knitmeshtechnologies.com\\\/de\\\/unternehmen\\\/#breadcrumb\",\"itemListElement\":[{\"@type\":\"ListItem\",\"position\":1,\"name\":\"Home\",\"item\":\"https:\\\/\\\/knitmeshtechnologies.com\\\/de\\\/home-page\\\/\"},{\"@type\":\"ListItem\",\"position\":2,\"name\":\"Unternehmen\"}]},{\"@type\":\"WebSite\",\"@id\":\"https:\\\/\\\/knitmeshtechnologies.com\\\/#website\",\"url\":\"https:\\\/\\\/knitmeshtechnologies.com\\\/\",\"name\":\"KnitMesh Technologies\",\"description\":\"Protecting People, Property and our Planet\",\"publisher\":{\"@id\":\"https:\\\/\\\/knitmeshtechnologies.com\\\/#organization\"},\"potentialAction\":[{\"@type\":\"SearchAction\",\"target\":{\"@type\":\"EntryPoint\",\"urlTemplate\":\"https:\\\/\\\/knitmeshtechnologies.com\\\/?s={search_term_string}\"},\"query-input\":{\"@type\":\"PropertyValueSpecification\",\"valueRequired\":true,\"valueName\":\"search_term_string\"}}],\"inLanguage\":\"de\"},{\"@type\":\"Organization\",\"@id\":\"https:\\\/\\\/knitmeshtechnologies.com\\\/#organization\",\"name\":\"KnitMesh Technologies\",\"url\":\"https:\\\/\\\/knitmeshtechnologies.com\\\/\",\"logo\":{\"@type\":\"ImageObject\",\"inLanguage\":\"de\",\"@id\":\"https:\\\/\\\/knitmeshtechnologies.com\\\/#\\\/schema\\\/logo\\\/image\\\/\",\"url\":\"https:\\\/\\\/knitmeshtechnologies.com\\\/wp-content\\\/uploads\\\/2024\\\/03\\\/Logo.jpg\",\"contentUrl\":\"https:\\\/\\\/knitmeshtechnologies.com\\\/wp-content\\\/uploads\\\/2024\\\/03\\\/Logo.jpg\",\"width\":5701,\"height\":1883,\"caption\":\"KnitMesh Technologies\"},\"image\":{\"@id\":\"https:\\\/\\\/knitmeshtechnologies.com\\\/#\\\/schema\\\/logo\\\/image\\\/\"},\"sameAs\":[\"https:\\\/\\\/www.linkedin.com\\\/company\\\/knitmesh-technologies\"]}]}<\/script>\n<!-- \/ Yoast SEO plugin. -->","yoast_head_json":{"title":"Unternehmen | KnitMesh Technologies | Knitted Wire Mesh","description":"Find out more about KnitMesh Technologies, the international technical leaders in knitted wire and knitted wire mesh solutions.","robots":{"index":"index","follow":"follow","max-snippet":"max-snippet:-1","max-image-preview":"max-image-preview:large","max-video-preview":"max-video-preview:-1"},"canonical":"https:\/\/knitmeshtechnologies.com\/de\/unternehmen\/","og_locale":"de_DE","og_type":"article","og_title":"Unternehmen | KnitMesh Technologies | Knitted Wire Mesh","og_description":"Find out more about KnitMesh Technologies, the international technical leaders in knitted wire and knitted wire mesh solutions.","og_url":"https:\/\/knitmeshtechnologies.com\/de\/unternehmen\/","og_site_name":"KnitMesh Technologies | Knitted Wire Mesh","article_modified_time":"2021-03-11T11:10:22+00:00","og_image":[{"width":5176,"height":3451,"url":"https:\/\/knitmeshtechnologies.com\/wp-content\/uploads\/2021\/10\/ElmacKnitmesh-16-min.jpg","type":"image\/jpeg"}],"twitter_card":"summary_large_image","twitter_misc":{"Gesch\u00e4tzte Lesezeit":"1\u00a0Minute"},"schema":{"@context":"https:\/\/schema.org","@graph":[{"@type":"WebPage","@id":"https:\/\/knitmeshtechnologies.com\/de\/unternehmen\/","url":"https:\/\/knitmeshtechnologies.com\/de\/unternehmen\/","name":"Unternehmen | KnitMesh Technologies | Knitted Wire Mesh","isPartOf":{"@id":"https:\/\/knitmeshtechnologies.com\/#website"},"primaryImageOfPage":{"@id":"https:\/\/knitmeshtechnologies.com\/de\/unternehmen\/#primaryimage"},"image":{"@id":"https:\/\/knitmeshtechnologies.com\/de\/unternehmen\/#primaryimage"},"thumbnailUrl":"https:\/\/knitmeshtechnologies.com\/wp-content\/uploads\/2021\/10\/ElmacKnitmesh-16-min.jpg","datePublished":"2017-09-18T14:05:49+00:00","dateModified":"2021-03-11T11:10:22+00:00","description":"Find out more about KnitMesh Technologies, the international technical leaders in knitted wire and knitted wire mesh solutions.","breadcrumb":{"@id":"https:\/\/knitmeshtechnologies.com\/de\/unternehmen\/#breadcrumb"},"inLanguage":"de","potentialAction":[{"@type":"ReadAction","target":["https:\/\/knitmeshtechnologies.com\/de\/unternehmen\/"]}]},{"@type":"ImageObject","inLanguage":"de","@id":"https:\/\/knitmeshtechnologies.com\/de\/unternehmen\/#primaryimage","url":"https:\/\/knitmeshtechnologies.com\/wp-content\/uploads\/2021\/10\/ElmacKnitmesh-16-min.jpg","contentUrl":"https:\/\/knitmeshtechnologies.com\/wp-content\/uploads\/2021\/10\/ElmacKnitmesh-16-min.jpg","width":5176,"height":3451},{"@type":"BreadcrumbList","@id":"https:\/\/knitmeshtechnologies.com\/de\/unternehmen\/#breadcrumb","itemListElement":[{"@type":"ListItem","position":1,"name":"Home","item":"https:\/\/knitmeshtechnologies.com\/de\/home-page\/"},{"@type":"ListItem","position":2,"name":"Unternehmen"}]},{"@type":"WebSite","@id":"https:\/\/knitmeshtechnologies.com\/#website","url":"https:\/\/knitmeshtechnologies.com\/","name":"KnitMesh Technologies","description":"Protecting People, Property and our Planet","publisher":{"@id":"https:\/\/knitmeshtechnologies.com\/#organization"},"potentialAction":[{"@type":"SearchAction","target":{"@type":"EntryPoint","urlTemplate":"https:\/\/knitmeshtechnologies.com\/?s={search_term_string}"},"query-input":{"@type":"PropertyValueSpecification","valueRequired":true,"valueName":"search_term_string"}}],"inLanguage":"de"},{"@type":"Organization","@id":"https:\/\/knitmeshtechnologies.com\/#organization","name":"KnitMesh Technologies","url":"https:\/\/knitmeshtechnologies.com\/","logo":{"@type":"ImageObject","inLanguage":"de","@id":"https:\/\/knitmeshtechnologies.com\/#\/schema\/logo\/image\/","url":"https:\/\/knitmeshtechnologies.com\/wp-content\/uploads\/2024\/03\/Logo.jpg","contentUrl":"https:\/\/knitmeshtechnologies.com\/wp-content\/uploads\/2024\/03\/Logo.jpg","width":5701,"height":1883,"caption":"KnitMesh Technologies"},"image":{"@id":"https:\/\/knitmeshtechnologies.com\/#\/schema\/logo\/image\/"},"sameAs":["https:\/\/www.linkedin.com\/company\/knitmesh-technologies"]}]}},"_links":{"self":[{"href":"https:\/\/knitmeshtechnologies.com\/de\/wp-json\/wp\/v2\/pages\/4852","targetHints":{"allow":["GET"]}}],"collection":[{"href":"https:\/\/knitmeshtechnologies.com\/de\/wp-json\/wp\/v2\/pages"}],"about":[{"href":"https:\/\/knitmeshtechnologies.com\/de\/wp-json\/wp\/v2\/types\/page"}],"author":[{"embeddable":true,"href":"https:\/\/knitmeshtechnologies.com\/de\/wp-json\/wp\/v2\/users\/3"}],"replies":[{"embeddable":true,"href":"https:\/\/knitmeshtechnologies.com\/de\/wp-json\/wp\/v2\/comments?post=4852"}],"version-history":[{"count":4,"href":"https:\/\/knitmeshtechnologies.com\/de\/wp-json\/wp\/v2\/pages\/4852\/revisions"}],"predecessor-version":[{"id":6826,"href":"https:\/\/knitmeshtechnologies.com\/de\/wp-json\/wp\/v2\/pages\/4852\/revisions\/6826"}],"wp:featuredmedia":[{"embeddable":true,"href":"https:\/\/knitmeshtechnologies.com\/de\/wp-json\/wp\/v2\/media\/9633"}],"wp:attachment":[{"href":"https:\/\/knitmeshtechnologies.com\/de\/wp-json\/wp\/v2\/media?parent=4852"}],"curies":[{"name":"wp","href":"https:\/\/api.w.org\/{rel}","templated":true}]}}