{"id":4843,"date":"2018-05-11T09:43:48","date_gmt":"2018-05-11T08:43:48","guid":{"rendered":"https:\/\/knitmeshtechnologies.com\/materials\/"},"modified":"2021-03-03T10:28:45","modified_gmt":"2021-03-03T10:28:45","slug":"materialien","status":"publish","type":"page","link":"https:\/\/knitmeshtechnologies.com\/de\/materialien\/","title":{"rendered":"Materialien"},"content":{"rendered":"<div class=\"page\" title=\"Page 1\">\n<div class=\"section\">\n<div class=\"layoutArea\">\n<div class=\"column\">\n<p>Fast jedes Material, das in einen Draht oder ein Filament gezogen werden kann, kann zur Herstellung eines Drahtgestricks verwendet werden.<\/p>\n<p>Die am h\u00e4ufigsten verwendeten Dr\u00e4hte, Filamente und Garne sind nachstehend aufgef\u00fchrt. Bitte kontaktieren Sie uns, wenn das von Ihnen ben\u00f6tigte Material nicht angezeigt wird.<\/p>\n<p>Runddr\u00e4hte mit einem Durchmesser von 0,11 mm bis 0,35 mm werden am h\u00e4ufigsten gestrickt, f\u00fcr spezielle Anwendungen ist es jedoch m\u00f6glich, Dr\u00e4hte mit einem Durchmesser von nur 0,03 mm oder 0,8 mm zu stricken.<\/p>\n<p>Abgeflachte Dr\u00e4hte und Mehrfilament-Strick kann verwendet werden, um die Oberfl\u00e4che zu vergr\u00f6\u00dfern.<\/p>\n<\/div>\n<\/div>\n<\/div>\n<\/div>\n","protected":false},"excerpt":{"rendered":"<p>Fast jedes Material, das in einen Draht oder ein Filament gezogen werden kann, kann zur Herstellung eines Drahtgestricks verwendet werden. Die am h\u00e4ufigsten verwendeten Dr\u00e4hte, Filamente und Garne sind nachstehend aufgef\u00fchrt. Bitte kontaktieren Sie uns, wenn das von Ihnen ben\u00f6tigte Material nicht angezeigt wird. Runddr\u00e4hte mit einem Durchmesser von 0,11 mm bis 0,35 mm werden [&hellip;]<\/p>\n","protected":false},"author":3,"featured_media":14803,"parent":0,"menu_order":0,"comment_status":"closed","ping_status":"closed","template":"template-materials.php","meta":{"_acf_changed":false,"footnotes":""},"class_list":["post-4843","page","type-page","status-publish","has-post-thumbnail","hentry"],"acf":[],"yoast_head":"<!-- This site is optimized with the Yoast SEO plugin v27.3 - https:\/\/yoast.com\/product\/yoast-seo-wordpress\/ -->\n<title>Knitting Different Materials - Knitmesh Technologies<\/title>\n<meta name=\"description\" content=\"Fast jedes Material, das in einen Draht oder ein Filament gezogen werden kann, kann zur Herstellung eines Drahtgestricks verwendet werden. Die am\" \/>\n<meta name=\"robots\" content=\"index, follow, max-snippet:-1, max-image-preview:large, max-video-preview:-1\" \/>\n<link rel=\"canonical\" href=\"https:\/\/knitmeshtechnologies.com\/de\/materialien\/\" \/>\n<meta property=\"og:locale\" content=\"de_DE\" \/>\n<meta property=\"og:type\" content=\"article\" \/>\n<meta property=\"og:title\" content=\"Knitting Different Materials - Knitmesh Technologies\" \/>\n<meta property=\"og:description\" content=\"Fast jedes Material, das in einen Draht oder ein Filament gezogen werden kann, kann zur Herstellung eines Drahtgestricks verwendet werden. Die am\" \/>\n<meta property=\"og:url\" content=\"https:\/\/knitmeshtechnologies.com\/de\/materialien\/\" \/>\n<meta property=\"og:site_name\" content=\"KnitMesh Technologies | Knitted Wire Mesh\" \/>\n<meta property=\"article:modified_time\" content=\"2021-03-03T10:28:45+00:00\" \/>\n<meta name=\"twitter:card\" content=\"summary_large_image\" \/>\n<script type=\"application\/ld+json\" class=\"yoast-schema-graph\">{\"@context\":\"https:\\\/\\\/schema.org\",\"@graph\":[{\"@type\":\"WebPage\",\"@id\":\"https:\\\/\\\/knitmeshtechnologies.com\\\/de\\\/materialien\\\/\",\"url\":\"https:\\\/\\\/knitmeshtechnologies.com\\\/de\\\/materialien\\\/\",\"name\":\"Knitting Different Materials - Knitmesh Technologies\",\"isPartOf\":{\"@id\":\"https:\\\/\\\/knitmeshtechnologies.com\\\/#website\"},\"primaryImageOfPage\":{\"@id\":\"https:\\\/\\\/knitmeshtechnologies.com\\\/de\\\/materialien\\\/#primaryimage\"},\"image\":{\"@id\":\"https:\\\/\\\/knitmeshtechnologies.com\\\/de\\\/materialien\\\/#primaryimage\"},\"thumbnailUrl\":\"https:\\\/\\\/knitmeshtechnologies.com\\\/wp-content\\\/uploads\\\/2024\\\/08\\\/5S1A7071.jpg\",\"datePublished\":\"2018-05-11T08:43:48+00:00\",\"dateModified\":\"2021-03-03T10:28:45+00:00\",\"description\":\"Fast jedes Material, das in einen Draht oder ein Filament gezogen werden kann, kann zur Herstellung eines Drahtgestricks verwendet werden. Die am\",\"breadcrumb\":{\"@id\":\"https:\\\/\\\/knitmeshtechnologies.com\\\/de\\\/materialien\\\/#breadcrumb\"},\"inLanguage\":\"de\",\"potentialAction\":[{\"@type\":\"ReadAction\",\"target\":[\"https:\\\/\\\/knitmeshtechnologies.com\\\/de\\\/materialien\\\/\"]}]},{\"@type\":\"ImageObject\",\"inLanguage\":\"de\",\"@id\":\"https:\\\/\\\/knitmeshtechnologies.com\\\/de\\\/materialien\\\/#primaryimage\",\"url\":\"https:\\\/\\\/knitmeshtechnologies.com\\\/wp-content\\\/uploads\\\/2024\\\/08\\\/5S1A7071.jpg\",\"contentUrl\":\"https:\\\/\\\/knitmeshtechnologies.com\\\/wp-content\\\/uploads\\\/2024\\\/08\\\/5S1A7071.jpg\",\"width\":1430,\"height\":2145},{\"@type\":\"BreadcrumbList\",\"@id\":\"https:\\\/\\\/knitmeshtechnologies.com\\\/de\\\/materialien\\\/#breadcrumb\",\"itemListElement\":[{\"@type\":\"ListItem\",\"position\":1,\"name\":\"Home\",\"item\":\"https:\\\/\\\/knitmeshtechnologies.com\\\/de\\\/home-page\\\/\"},{\"@type\":\"ListItem\",\"position\":2,\"name\":\"Materialien\"}]},{\"@type\":\"WebSite\",\"@id\":\"https:\\\/\\\/knitmeshtechnologies.com\\\/#website\",\"url\":\"https:\\\/\\\/knitmeshtechnologies.com\\\/\",\"name\":\"KnitMesh Technologies\",\"description\":\"Protecting People, Property and our Planet\",\"publisher\":{\"@id\":\"https:\\\/\\\/knitmeshtechnologies.com\\\/#organization\"},\"potentialAction\":[{\"@type\":\"SearchAction\",\"target\":{\"@type\":\"EntryPoint\",\"urlTemplate\":\"https:\\\/\\\/knitmeshtechnologies.com\\\/?s={search_term_string}\"},\"query-input\":{\"@type\":\"PropertyValueSpecification\",\"valueRequired\":true,\"valueName\":\"search_term_string\"}}],\"inLanguage\":\"de\"},{\"@type\":\"Organization\",\"@id\":\"https:\\\/\\\/knitmeshtechnologies.com\\\/#organization\",\"name\":\"KnitMesh Technologies\",\"url\":\"https:\\\/\\\/knitmeshtechnologies.com\\\/\",\"logo\":{\"@type\":\"ImageObject\",\"inLanguage\":\"de\",\"@id\":\"https:\\\/\\\/knitmeshtechnologies.com\\\/#\\\/schema\\\/logo\\\/image\\\/\",\"url\":\"https:\\\/\\\/knitmeshtechnologies.com\\\/wp-content\\\/uploads\\\/2024\\\/03\\\/Logo.jpg\",\"contentUrl\":\"https:\\\/\\\/knitmeshtechnologies.com\\\/wp-content\\\/uploads\\\/2024\\\/03\\\/Logo.jpg\",\"width\":5701,\"height\":1883,\"caption\":\"KnitMesh Technologies\"},\"image\":{\"@id\":\"https:\\\/\\\/knitmeshtechnologies.com\\\/#\\\/schema\\\/logo\\\/image\\\/\"},\"sameAs\":[\"https:\\\/\\\/www.linkedin.com\\\/company\\\/knitmesh-technologies\"]}]}<\/script>\n<!-- \/ Yoast SEO plugin. -->","yoast_head_json":{"title":"Knitting Different Materials - Knitmesh Technologies","description":"Fast jedes Material, das in einen Draht oder ein Filament gezogen werden kann, kann zur Herstellung eines Drahtgestricks verwendet werden. Die am","robots":{"index":"index","follow":"follow","max-snippet":"max-snippet:-1","max-image-preview":"max-image-preview:large","max-video-preview":"max-video-preview:-1"},"canonical":"https:\/\/knitmeshtechnologies.com\/de\/materialien\/","og_locale":"de_DE","og_type":"article","og_title":"Knitting Different Materials - Knitmesh Technologies","og_description":"Fast jedes Material, das in einen Draht oder ein Filament gezogen werden kann, kann zur Herstellung eines Drahtgestricks verwendet werden. Die am","og_url":"https:\/\/knitmeshtechnologies.com\/de\/materialien\/","og_site_name":"KnitMesh Technologies | Knitted Wire Mesh","article_modified_time":"2021-03-03T10:28:45+00:00","twitter_card":"summary_large_image","schema":{"@context":"https:\/\/schema.org","@graph":[{"@type":"WebPage","@id":"https:\/\/knitmeshtechnologies.com\/de\/materialien\/","url":"https:\/\/knitmeshtechnologies.com\/de\/materialien\/","name":"Knitting Different Materials - Knitmesh Technologies","isPartOf":{"@id":"https:\/\/knitmeshtechnologies.com\/#website"},"primaryImageOfPage":{"@id":"https:\/\/knitmeshtechnologies.com\/de\/materialien\/#primaryimage"},"image":{"@id":"https:\/\/knitmeshtechnologies.com\/de\/materialien\/#primaryimage"},"thumbnailUrl":"https:\/\/knitmeshtechnologies.com\/wp-content\/uploads\/2024\/08\/5S1A7071.jpg","datePublished":"2018-05-11T08:43:48+00:00","dateModified":"2021-03-03T10:28:45+00:00","description":"Fast jedes Material, das in einen Draht oder ein Filament gezogen werden kann, kann zur Herstellung eines Drahtgestricks verwendet werden. Die am","breadcrumb":{"@id":"https:\/\/knitmeshtechnologies.com\/de\/materialien\/#breadcrumb"},"inLanguage":"de","potentialAction":[{"@type":"ReadAction","target":["https:\/\/knitmeshtechnologies.com\/de\/materialien\/"]}]},{"@type":"ImageObject","inLanguage":"de","@id":"https:\/\/knitmeshtechnologies.com\/de\/materialien\/#primaryimage","url":"https:\/\/knitmeshtechnologies.com\/wp-content\/uploads\/2024\/08\/5S1A7071.jpg","contentUrl":"https:\/\/knitmeshtechnologies.com\/wp-content\/uploads\/2024\/08\/5S1A7071.jpg","width":1430,"height":2145},{"@type":"BreadcrumbList","@id":"https:\/\/knitmeshtechnologies.com\/de\/materialien\/#breadcrumb","itemListElement":[{"@type":"ListItem","position":1,"name":"Home","item":"https:\/\/knitmeshtechnologies.com\/de\/home-page\/"},{"@type":"ListItem","position":2,"name":"Materialien"}]},{"@type":"WebSite","@id":"https:\/\/knitmeshtechnologies.com\/#website","url":"https:\/\/knitmeshtechnologies.com\/","name":"KnitMesh Technologies","description":"Protecting People, Property and our Planet","publisher":{"@id":"https:\/\/knitmeshtechnologies.com\/#organization"},"potentialAction":[{"@type":"SearchAction","target":{"@type":"EntryPoint","urlTemplate":"https:\/\/knitmeshtechnologies.com\/?s={search_term_string}"},"query-input":{"@type":"PropertyValueSpecification","valueRequired":true,"valueName":"search_term_string"}}],"inLanguage":"de"},{"@type":"Organization","@id":"https:\/\/knitmeshtechnologies.com\/#organization","name":"KnitMesh Technologies","url":"https:\/\/knitmeshtechnologies.com\/","logo":{"@type":"ImageObject","inLanguage":"de","@id":"https:\/\/knitmeshtechnologies.com\/#\/schema\/logo\/image\/","url":"https:\/\/knitmeshtechnologies.com\/wp-content\/uploads\/2024\/03\/Logo.jpg","contentUrl":"https:\/\/knitmeshtechnologies.com\/wp-content\/uploads\/2024\/03\/Logo.jpg","width":5701,"height":1883,"caption":"KnitMesh Technologies"},"image":{"@id":"https:\/\/knitmeshtechnologies.com\/#\/schema\/logo\/image\/"},"sameAs":["https:\/\/www.linkedin.com\/company\/knitmesh-technologies"]}]}},"_links":{"self":[{"href":"https:\/\/knitmeshtechnologies.com\/de\/wp-json\/wp\/v2\/pages\/4843","targetHints":{"allow":["GET"]}}],"collection":[{"href":"https:\/\/knitmeshtechnologies.com\/de\/wp-json\/wp\/v2\/pages"}],"about":[{"href":"https:\/\/knitmeshtechnologies.com\/de\/wp-json\/wp\/v2\/types\/page"}],"author":[{"embeddable":true,"href":"https:\/\/knitmeshtechnologies.com\/de\/wp-json\/wp\/v2\/users\/3"}],"replies":[{"embeddable":true,"href":"https:\/\/knitmeshtechnologies.com\/de\/wp-json\/wp\/v2\/comments?post=4843"}],"version-history":[{"count":3,"href":"https:\/\/knitmeshtechnologies.com\/de\/wp-json\/wp\/v2\/pages\/4843\/revisions"}],"predecessor-version":[{"id":6408,"href":"https:\/\/knitmeshtechnologies.com\/de\/wp-json\/wp\/v2\/pages\/4843\/revisions\/6408"}],"wp:featuredmedia":[{"embeddable":true,"href":"https:\/\/knitmeshtechnologies.com\/de\/wp-json\/wp\/v2\/media\/14803"}],"wp:attachment":[{"href":"https:\/\/knitmeshtechnologies.com\/de\/wp-json\/wp\/v2\/media?parent=4843"}],"curies":[{"name":"wp","href":"https:\/\/api.w.org\/{rel}","templated":true}]}}